{"id":669,"date":"2024-04-03T15:47:29","date_gmt":"2024-04-03T18:47:29","guid":{"rendered":"https:\/\/advfarma.com.br\/site\/?page_id=669"},"modified":"2024-04-04T08:38:22","modified_gmt":"2024-04-04T11:38:22","slug":"canal-de-denuncia","status":"publish","type":"page","link":"https:\/\/advfarma.com.br\/site\/canal-de-denuncia\/","title":{"rendered":"Canal de den\u00fancia"},"content":{"rendered":"\t\t<div data-elementor-type=\"wp-page\" data-elementor-id=\"669\" class=\"elementor elementor-669\">\n\t\t\t\t\t\t\t\t\t<section class=\"elementor-section elementor-top-section elementor-element elementor-element-ee40109 elementor-section-boxed elementor-section-height-default elementor-section-height-default\" data-id=\"ee40109\" data-element_type=\"section\">\n\t\t\t\t\t\t<div class=\"elementor-container elementor-column-gap-default\">\n\t\t\t\t\t<div class=\"elementor-column elementor-col-100 elementor-top-column elementor-element elementor-element-7dbf8b5\" data-id=\"7dbf8b5\" data-element_type=\"column\">\n\t\t\t<div class=\"elementor-widget-wrap elementor-element-populated\">\n\t\t\t\t\t\t\t\t<div class=\"elementor-element elementor-element-4d5d944 elementor-widget elementor-widget-heading\" data-id=\"4d5d944\" data-element_type=\"widget\" data-widget_type=\"heading.default\">\n\t\t\t\t<div class=\"elementor-widget-container\">\n\t\t\t<style>\/*! elementor - v3.10.0 - 09-01-2023 *\/\n.elementor-heading-title{padding:0;margin:0;line-height:1}.elementor-widget-heading .elementor-heading-title[class*=elementor-size-]>a{color:inherit;font-size:inherit;line-height:inherit}.elementor-widget-heading .elementor-heading-title.elementor-size-small{font-size:15px}.elementor-widget-heading .elementor-heading-title.elementor-size-medium{font-size:19px}.elementor-widget-heading .elementor-heading-title.elementor-size-large{font-size:29px}.elementor-widget-heading .elementor-heading-title.elementor-size-xl{font-size:39px}.elementor-widget-heading .elementor-heading-title.elementor-size-xxl{font-size:59px}<\/style><h2 class=\"elementor-heading-title elementor-size-default\">Identifica\u00e7\u00e3o Opcional: Sinta-se \u00e0 vontade para relatar anonimamente.<\/h2>\t\t<\/div>\n\t\t\t\t<\/div>\n\t\t\t\t\t<\/div>\n\t\t<\/div>\n\t\t\t\t\t\t\t<\/div>\n\t\t<\/section>\n\t\t\t\t<section class=\"elementor-section elementor-top-section elementor-element elementor-element-f1fc6c0 elementor-section-boxed elementor-section-height-default elementor-section-height-default\" data-id=\"f1fc6c0\" data-element_type=\"section\">\n\t\t\t\t\t\t<div class=\"elementor-container elementor-column-gap-default\">\n\t\t\t\t\t<div class=\"elementor-column elementor-col-50 elementor-top-column elementor-element elementor-element-4852e1b\" data-id=\"4852e1b\" data-element_type=\"column\">\n\t\t\t<div class=\"elementor-widget-wrap elementor-element-populated\">\n\t\t\t\t\t\t\t\t<div class=\"elementor-element elementor-element-52c0b64 elementor-widget__width-initial elementor-widget elementor-widget-heading\" data-id=\"52c0b64\" data-element_type=\"widget\" data-widget_type=\"heading.default\">\n\t\t\t\t<div class=\"elementor-widget-container\">\n\t\t\t<h1 class=\"elementor-heading-title elementor-size-default\">Canal de den\u00fancia<\/h1>\t\t<\/div>\n\t\t\t\t<\/div>\n\t\t\t\t<div class=\"elementor-element elementor-element-1d24ccc elementor-widget__width-initial elementor-widget elementor-widget-heading\" data-id=\"1d24ccc\" data-element_type=\"widget\" data-widget_type=\"heading.default\">\n\t\t\t\t<div class=\"elementor-widget-container\">\n\t\t\t<h1 class=\"elementor-heading-title elementor-size-default\">Nosso Canal de den\u00fancia online garante total sigilo ao relatar viola\u00e7\u00f5es de direitos humanos ou c\u00f3digos de conduta. As informa\u00e7\u00f5es s\u00e3o tratadas confidencialmente para garantir a seriedade do processo.<\/h1>\t\t<\/div>\n\t\t\t\t<\/div>\n\t\t\t\t\t<\/div>\n\t\t<\/div>\n\t\t\t\t<div class=\"elementor-column elementor-col-50 elementor-top-column elementor-element elementor-element-38ae490\" data-id=\"38ae490\" data-element_type=\"column\">\n\t\t\t<div class=\"elementor-widget-wrap elementor-element-populated\">\n\t\t\t\t\t\t\t\t<div class=\"elementor-element elementor-element-d30e54e elementor-widget elementor-widget-shortcode\" data-id=\"d30e54e\" data-element_type=\"widget\" data-widget_type=\"shortcode.default\">\n\t\t\t\t<div class=\"elementor-widget-container\">\n\t\t\t\t\t<div class=\"elementor-shortcode\">\n<div class=\"wpcf7 no-js\" id=\"wpcf7-f675-o1\" lang=\"pt-BR\" dir=\"ltr\" data-wpcf7-id=\"675\">\n<div class=\"screen-reader-response\"><p role=\"status\" aria-live=\"polite\" aria-atomic=\"true\"><\/p> <ul><\/ul><\/div>\n<form action=\"\/site\/wp-json\/wp\/v2\/pages\/669#wpcf7-f675-o1\" method=\"post\" class=\"wpcf7-form init\" aria-label=\"Formul\u00e1rios de contato\" novalidate=\"novalidate\" data-status=\"init\">\n<fieldset class=\"hidden-fields-container\"><input type=\"hidden\" name=\"_wpcf7\" value=\"675\" \/><input type=\"hidden\" name=\"_wpcf7_version\" value=\"6.1.5\" \/><input type=\"hidden\" name=\"_wpcf7_locale\" value=\"pt_BR\" \/><input type=\"hidden\" name=\"_wpcf7_unit_tag\" value=\"wpcf7-f675-o1\" \/><input type=\"hidden\" name=\"_wpcf7_container_post\" value=\"0\" \/><input type=\"hidden\" name=\"_wpcf7_posted_data_hash\" value=\"\" \/>\n<\/fieldset>\n<p><span class=\"wpcf7-form-control-wrap\" data-name=\"Nome\"><input size=\"40\" maxlength=\"400\" class=\"wpcf7-form-control wpcf7-text\" aria-invalid=\"false\" placeholder=\"Nome:\" value=\"\" type=\"text\" name=\"Nome\" \/><\/span>\n<\/p>\n<p><span class=\"wpcf7-form-control-wrap\" data-name=\"Email\"><input size=\"40\" maxlength=\"400\" class=\"wpcf7-form-control wpcf7-email wpcf7-text wpcf7-validates-as-email\" aria-invalid=\"false\" placeholder=\"E-mail:\" value=\"\" type=\"email\" name=\"Email\" \/><\/span>\n<\/p>\n<p><span class=\"wpcf7-form-control-wrap\" data-name=\"Telefone\"><input size=\"40\" maxlength=\"400\" class=\"wpcf7-form-control wpcf7-text\" aria-invalid=\"false\" placeholder=\"Telefone:\" value=\"\" type=\"text\" name=\"Telefone\" \/><\/span>\n<\/p>\n<p><span class=\"wpcf7-form-control-wrap\" data-name=\"Mensagem\"><textarea cols=\"40\" rows=\"10\" maxlength=\"2000\" class=\"wpcf7-form-control wpcf7-textarea wpcf7-validates-as-required\" aria-required=\"true\" aria-invalid=\"false\" placeholder=\"Mensagem:\" name=\"Mensagem\"><\/textarea><\/span>\n<\/p>\n<p><input class=\"wpcf7-form-control wpcf7-submit has-spinner\" type=\"submit\" value=\"Enviar\" \/>\n<\/p><div class=\"wpcf7-response-output\" aria-hidden=\"true\"><\/div>\n<\/form>\n<\/div>\n<\/div>\n\t\t\t\t<\/div>\n\t\t\t\t<\/div>\n\t\t\t\t\t<\/div>\n\t\t<\/div>\n\t\t\t\t\t\t\t<\/div>\n\t\t<\/section>\n\t\t\t\t\t\t\t<\/div>\n\t\t","protected":false},"excerpt":{"rendered":"<p>Identifica\u00e7\u00e3o Opcional: Sinta-se \u00e0 vontade para relatar anonimamente. Canal de den\u00fancia Nosso Canal de den\u00fancia online garante total sigilo ao relatar viola\u00e7\u00f5es de direitos humanos ou c\u00f3digos de conduta. As informa\u00e7\u00f5es s\u00e3o tratadas confidencialmente para garantir a seriedade do processo.<\/p>\n","protected":false},"author":1,"featured_media":0,"parent":0,"menu_order":0,"comment_status":"closed","ping_status":"closed","template":"","meta":{"inline_featured_image":false,"footnotes":""},"class_list":["post-669","page","type-page","status-publish","hentry"],"yoast_head":"<!-- This site is optimized with the Yoast SEO plugin v27.5 - https:\/\/yoast.com\/product\/yoast-seo-wordpress\/ -->\n<title>Canal de den\u00fancia - ADV Farma<\/title>\n<meta name=\"robots\" content=\"index, follow, max-snippet:-1, max-image-preview:large, max-video-preview:-1\" \/>\n<link rel=\"canonical\" href=\"https:\/\/advfarma.com.br\/site\/canal-de-denuncia\/\" \/>\n<meta property=\"og:locale\" content=\"pt_BR\" \/>\n<meta property=\"og:type\" content=\"article\" \/>\n<meta property=\"og:title\" content=\"Canal de den\u00fancia - ADV Farma\" \/>\n<meta property=\"og:description\" content=\"Identifica\u00e7\u00e3o Opcional: Sinta-se \u00e0 vontade para relatar anonimamente. Canal de den\u00fancia Nosso Canal de den\u00fancia online garante total sigilo ao relatar viola\u00e7\u00f5es de direitos humanos ou c\u00f3digos de conduta. As informa\u00e7\u00f5es s\u00e3o tratadas confidencialmente para garantir a seriedade do processo.\" \/>\n<meta property=\"og:url\" content=\"https:\/\/advfarma.com.br\/site\/canal-de-denuncia\/\" \/>\n<meta property=\"og:site_name\" content=\"ADV Farma\" \/>\n<meta property=\"article:modified_time\" content=\"2024-04-04T11:38:22+00:00\" \/>\n<meta name=\"twitter:card\" content=\"summary_large_image\" \/>\n<meta name=\"twitter:label1\" content=\"Est. tempo de leitura\" \/>\n\t<meta name=\"twitter:data1\" content=\"1 minuto\" \/>\n<script type=\"application\/ld+json\" class=\"yoast-schema-graph\">{\"@context\":\"https:\\\/\\\/schema.org\",\"@graph\":[{\"@type\":\"WebPage\",\"@id\":\"https:\\\/\\\/advfarma.com.br\\\/site\\\/canal-de-denuncia\\\/\",\"url\":\"https:\\\/\\\/advfarma.com.br\\\/site\\\/canal-de-denuncia\\\/\",\"name\":\"Canal de den\u00fancia - ADV Farma\",\"isPartOf\":{\"@id\":\"https:\\\/\\\/advfarma.com.br\\\/site\\\/#website\"},\"datePublished\":\"2024-04-03T18:47:29+00:00\",\"dateModified\":\"2024-04-04T11:38:22+00:00\",\"breadcrumb\":{\"@id\":\"https:\\\/\\\/advfarma.com.br\\\/site\\\/canal-de-denuncia\\\/#breadcrumb\"},\"inLanguage\":\"pt-BR\",\"potentialAction\":[{\"@type\":\"ReadAction\",\"target\":[\"https:\\\/\\\/advfarma.com.br\\\/site\\\/canal-de-denuncia\\\/\"]}]},{\"@type\":\"BreadcrumbList\",\"@id\":\"https:\\\/\\\/advfarma.com.br\\\/site\\\/canal-de-denuncia\\\/#breadcrumb\",\"itemListElement\":[{\"@type\":\"ListItem\",\"position\":1,\"name\":\"In\u00edcio\",\"item\":\"https:\\\/\\\/advfarma.com.br\\\/site\\\/\"},{\"@type\":\"ListItem\",\"position\":2,\"name\":\"Canal de den\u00fancia\"}]},{\"@type\":\"WebSite\",\"@id\":\"https:\\\/\\\/advfarma.com.br\\\/site\\\/#website\",\"url\":\"https:\\\/\\\/advfarma.com.br\\\/site\\\/\",\"name\":\"ADV Farma\",\"description\":\"S\u00f3 mais um site WordPress\",\"potentialAction\":[{\"@type\":\"SearchAction\",\"target\":{\"@type\":\"EntryPoint\",\"urlTemplate\":\"https:\\\/\\\/advfarma.com.br\\\/site\\\/?s={search_term_string}\"},\"query-input\":{\"@type\":\"PropertyValueSpecification\",\"valueRequired\":true,\"valueName\":\"search_term_string\"}}],\"inLanguage\":\"pt-BR\"}]}<\/script>\n<!-- \/ Yoast SEO plugin. -->","yoast_head_json":{"title":"Canal de den\u00fancia - ADV Farma","robots":{"index":"index","follow":"follow","max-snippet":"max-snippet:-1","max-image-preview":"max-image-preview:large","max-video-preview":"max-video-preview:-1"},"canonical":"https:\/\/advfarma.com.br\/site\/canal-de-denuncia\/","og_locale":"pt_BR","og_type":"article","og_title":"Canal de den\u00fancia - ADV Farma","og_description":"Identifica\u00e7\u00e3o Opcional: Sinta-se \u00e0 vontade para relatar anonimamente. Canal de den\u00fancia Nosso Canal de den\u00fancia online garante total sigilo ao relatar viola\u00e7\u00f5es de direitos humanos ou c\u00f3digos de conduta. As informa\u00e7\u00f5es s\u00e3o tratadas confidencialmente para garantir a seriedade do processo.","og_url":"https:\/\/advfarma.com.br\/site\/canal-de-denuncia\/","og_site_name":"ADV Farma","article_modified_time":"2024-04-04T11:38:22+00:00","twitter_card":"summary_large_image","twitter_misc":{"Est. tempo de leitura":"1 minuto"},"schema":{"@context":"https:\/\/schema.org","@graph":[{"@type":"WebPage","@id":"https:\/\/advfarma.com.br\/site\/canal-de-denuncia\/","url":"https:\/\/advfarma.com.br\/site\/canal-de-denuncia\/","name":"Canal de den\u00fancia - ADV Farma","isPartOf":{"@id":"https:\/\/advfarma.com.br\/site\/#website"},"datePublished":"2024-04-03T18:47:29+00:00","dateModified":"2024-04-04T11:38:22+00:00","breadcrumb":{"@id":"https:\/\/advfarma.com.br\/site\/canal-de-denuncia\/#breadcrumb"},"inLanguage":"pt-BR","potentialAction":[{"@type":"ReadAction","target":["https:\/\/advfarma.com.br\/site\/canal-de-denuncia\/"]}]},{"@type":"BreadcrumbList","@id":"https:\/\/advfarma.com.br\/site\/canal-de-denuncia\/#breadcrumb","itemListElement":[{"@type":"ListItem","position":1,"name":"In\u00edcio","item":"https:\/\/advfarma.com.br\/site\/"},{"@type":"ListItem","position":2,"name":"Canal de den\u00fancia"}]},{"@type":"WebSite","@id":"https:\/\/advfarma.com.br\/site\/#website","url":"https:\/\/advfarma.com.br\/site\/","name":"ADV Farma","description":"S\u00f3 mais um site WordPress","potentialAction":[{"@type":"SearchAction","target":{"@type":"EntryPoint","urlTemplate":"https:\/\/advfarma.com.br\/site\/?s={search_term_string}"},"query-input":{"@type":"PropertyValueSpecification","valueRequired":true,"valueName":"search_term_string"}}],"inLanguage":"pt-BR"}]}},"_links":{"self":[{"href":"https:\/\/advfarma.com.br\/site\/wp-json\/wp\/v2\/pages\/669","targetHints":{"allow":["GET"]}}],"collection":[{"href":"https:\/\/advfarma.com.br\/site\/wp-json\/wp\/v2\/pages"}],"about":[{"href":"https:\/\/advfarma.com.br\/site\/wp-json\/wp\/v2\/types\/page"}],"author":[{"embeddable":true,"href":"https:\/\/advfarma.com.br\/site\/wp-json\/wp\/v2\/users\/1"}],"replies":[{"embeddable":true,"href":"https:\/\/advfarma.com.br\/site\/wp-json\/wp\/v2\/comments?post=669"}],"version-history":[{"count":14,"href":"https:\/\/advfarma.com.br\/site\/wp-json\/wp\/v2\/pages\/669\/revisions"}],"predecessor-version":[{"id":686,"href":"https:\/\/advfarma.com.br\/site\/wp-json\/wp\/v2\/pages\/669\/revisions\/686"}],"wp:attachment":[{"href":"https:\/\/advfarma.com.br\/site\/wp-json\/wp\/v2\/media?parent=669"}],"curies":[{"name":"wp","href":"https:\/\/api.w.org\/{rel}","templated":true}]}}